{"id":286,"date":"2023-05-04T03:47:17","date_gmt":"2023-05-04T03:47:17","guid":{"rendered":"https:\/\/lematgourmet.com\/?page_id=286"},"modified":"2024-07-04T22:04:01","modified_gmt":"2024-07-04T22:04:01","slug":"nosotros","status":"publish","type":"page","link":"https:\/\/lematgourmet.com\/index.php\/home\/nosotros\/","title":{"rendered":"Nosotros"},"content":{"rendered":"<div class=\"wp-block-group alignwide wc-blocks-pattern-header-essential wc-blocks-header-pattern is-content-justification-space-between is-nowrap is-layout-flex wp-container-core-group-is-layout-4 wp-block-group-is-layout-flex\" style=\"margin-top:0;margin-bottom:0;padding-top:14px;padding-right:24px;padding-bottom:14px;padding-left:24px\"><figure class=\"wp-block-image size-full is-resized\"><a href=\"https:\/\/lematgourmet.com\/\"><img loading=\"lazy\" decoding=\"async\" width=\"400\" height=\"162\" src=\"https:\/\/lematgourmet.com\/wp-content\/uploads\/2023\/04\/cropped-cropped-logo-3-1-1.png\" alt=\"\" class=\"wp-image-4630\" style=\"width:124px;height:auto\" srcset=\"https:\/\/lematgourmet.com\/wp-content\/uploads\/2023\/04\/cropped-cropped-logo-3-1-1.png 400w, https:\/\/lematgourmet.com\/wp-content\/uploads\/2023\/04\/cropped-cropped-logo-3-1-1-300x122.png 300w, https:\/\/lematgourmet.com\/wp-content\/uploads\/2023\/04\/cropped-cropped-logo-3-1-1-161x65.png 161w\" sizes=\"(max-width: 400px) 100vw, 400px\" \/><\/a><\/figure>\n\n<div class=\"wp-block-group is-nowrap is-layout-flex wp-container-core-group-is-layout-1 wp-block-group-is-layout-flex\"><div style=\"height:100px;width:0px\" aria-hidden=\"true\" class=\"wp-block-spacer wp-container-content-1\"><\/div><\/div>\n\n<div class=\"wp-block-group is-nowrap is-layout-flex wp-container-core-group-is-layout-3 wp-block-group-is-layout-flex\"><nav class=\"is-responsive wp-block-navigation is-layout-flex wp-container-core-navigation-is-layout-1 wp-block-navigation-is-layout-flex\" aria-label=\"Principal\" \n\t\t data-wp-interactive=\"core\/navigation\" data-wp-context='{\"overlayOpenedBy\":{\"click\":false,\"hover\":false,\"focus\":false},\"type\":\"overlay\",\"roleAttribute\":\"\",\"ariaLabel\":\"Menu\"}'><button aria-haspopup=\"dialog\" aria-label=\"Open menu\" class=\"wp-block-navigation__responsive-container-open \" \n\t\t\t\tdata-wp-on--click=\"actions.openMenuOnClick\"\n\t\t\t\tdata-wp-on--keydown=\"actions.handleMenuKeydown\"\n\t\t\t><svg width=\"24\" height=\"24\" xmlns=\"http:\/\/www.w3.org\/2000\/svg\" viewBox=\"0 0 24 24\" aria-hidden=\"true\" focusable=\"false\"><rect x=\"4\" y=\"7.5\" width=\"16\" height=\"1.5\" \/><rect x=\"4\" y=\"15\" width=\"16\" height=\"1.5\" \/><\/svg><\/button>\n\t\t\t\t<div class=\"wp-block-navigation__responsive-container  \" style=\"\" id=\"modal-2\" \n\t\t\t\tdata-wp-class--has-modal-open=\"state.isMenuOpen\"\n\t\t\t\tdata-wp-class--is-menu-open=\"state.isMenuOpen\"\n\t\t\t\tdata-wp-watch=\"callbacks.initMenu\"\n\t\t\t\tdata-wp-on--keydown=\"actions.handleMenuKeydown\"\n\t\t\t\tdata-wp-on--focusout=\"actions.handleMenuFocusout\"\n\t\t\t\ttabindex=\"-1\"\n\t\t\t>\n\t\t\t\t\t<div class=\"wp-block-navigation__responsive-close\" tabindex=\"-1\">\n\t\t\t\t\t\t<div class=\"wp-block-navigation__responsive-dialog\" \n\t\t\t\tdata-wp-bind--aria-modal=\"state.ariaModal\"\n\t\t\t\tdata-wp-bind--aria-label=\"state.ariaLabel\"\n\t\t\t\tdata-wp-bind--role=\"state.roleAttribute\"\n\t\t\t>\n\t\t\t\t\t\t\t<button aria-label=\"Close menu\" class=\"wp-block-navigation__responsive-container-close\" \n\t\t\t\tdata-wp-on--click=\"actions.closeMenuOnClick\"\n\t\t\t><svg xmlns=\"http:\/\/www.w3.org\/2000\/svg\" viewBox=\"0 0 24 24\" width=\"24\" height=\"24\" aria-hidden=\"true\" focusable=\"false\"><path d=\"M13 11.8l6.1-6.3-1-1-6.1 6.2-6.1-6.2-1 1 6.1 6.3-6.5 6.7 1 1 6.5-6.6 6.5 6.6 1-1z\"><\/path><\/svg><\/button>\n\t\t\t\t\t\t\t<div class=\"wp-block-navigation__responsive-container-content\" \n\t\t\t\tdata-wp-watch=\"callbacks.focusFirstElement\"\n\t\t\t id=\"modal-2-content\">\n\t\t\t\t\t\t\t\t<ul class=\"wp-block-navigation__container is-responsive wp-block-navigation\"><li class=\" wp-block-navigation-item wp-block-navigation-link\"><a class=\"wp-block-navigation-item__content\"  href=\"https:\/\/lematgourmet.com\/index.php\/nuestra-vainilla\/\"><span class=\"wp-block-navigation-item__label\">Nuestra Vainilla<\/span><\/a><\/li><li class=\" wp-block-navigation-item wp-block-navigation-link\"><a class=\"wp-block-navigation-item__content\"  href=\"https:\/\/lematgourmet.com\/index.php\/nosotros\/\"><span class=\"wp-block-navigation-item__label\">Nosotros<\/span><\/a><\/li><li class=\" wp-block-navigation-item wp-block-navigation-link\"><a class=\"wp-block-navigation-item__content\"  href=\"http:\/\/lematgourmet.com\/index.php\/store\/\"><span class=\"wp-block-navigation-item__label\">Tienda<\/span><\/a><\/li><li class=\" wp-block-navigation-item wp-block-navigation-link\"><a class=\"wp-block-navigation-item__content\"  href=\"https:\/\/lematgourmet.com\/index.php\/contactanos\/\"><span class=\"wp-block-navigation-item__label\">Cont\u00e1ctanos<\/span><\/a><\/li><li style=\"font-style:normal;font-weight:900;\" class=\" wp-block-navigation-item wp-block-navigation-link\"><a class=\"wp-block-navigation-item__content\"  href=\"https:\/\/lematgourmet.com\/index.php\/english\/\"><span class=\"wp-block-navigation-item__label\"> English<\/span><\/a><\/li><\/ul>\n\t\t\t\t\t\t\t<\/div>\n\t\t\t\t\t\t<\/div>\n\t\t\t\t\t<\/div>\n\t\t\t\t<\/div><\/nav>\n\n<div class=\"wp-block-group is-nowrap is-layout-flex wp-container-core-group-is-layout-2 wp-block-group-is-layout-flex\">\n\n<div data-block-name=\"woocommerce\/customer-account\" data-display-style=\"icon_only\" data-icon-class=\"wc-block-customer-account__account-icon\" data-style=\"{&quot;color&quot;:{&quot;text&quot;:&quot;#13a99c&quot;,&quot;background&quot;:&quot;#00000000&quot;},&quot;elements&quot;:{&quot;link&quot;:{&quot;color&quot;:{&quot;text&quot;:&quot;#13a99c&quot;}}}}\" class=\"wp-block-woocommerce-customer-account has-background wp-elements-fb51fea6db66168e54cac7f59c5e634a\" style='background-color: #00000000; color: #13a99c;'>\n\t\t\t<a aria-label=\"Login\" href='https:\/\/lematgourmet.com\/index.php\/account\/'>\n\t\t\t\t<svg class=\"wc-block-customer-account__account-icon\" xmlns=\"http:\/\/www.w3.org\/2000\/svg\" viewBox=\"-0.5 -0.5 17 17\" width=\"16\" height=\"16\">\n\t\t\t<path d=\"M8.00009 8.34785C10.3096 8.34785 12.1819 6.47909 12.1819 4.17393C12.1819 1.86876 10.3096 0 8.00009 0C5.69055\n\t\t\t\t \t0 3.81824 1.86876 3.81824 4.17393C3.81824 6.47909 5.69055 8.34785 8.00009 8.34785ZM0.333496 15.6522C0.333496\n\t\t\t\t  \t15.8444 0.489412 16 0.681933 16H15.3184C15.5109 16 15.6668 15.8444 15.6668 15.6522V14.9565C15.6668 12.1428\n\t\t\t\t   \t13.7821 9.73911 10.0912 9.73911H5.90931C2.21828 9.73911 0.333645 12.1428 0.333645 14.9565L0.333496 15.6522Z\" fill=\"currentColor\" \/>\n\t\t<\/svg>\n\t\t\t<\/a>\n\t\t<\/div><\/div><\/div><\/div><div class=\"wp-block-uagb-container uagb-block-9129a4f7 alignfull uagb-is-root-container\"><div class=\"uagb-container-inner-blocks-wrap\"><div class=\"wp-block-uagb-container uagb-block-b4aac1c3\"><div class=\"wp-block-uagb-container uagb-block-c7bbcda3\"><div class=\"wp-block-uagb-container uagb-block-086b4fe0\"><div class=\"wp-block-uagb-advanced-heading uagb-block-d01c99fc\"><h1 class=\"uagb-heading-text\">Le Mat Gourmet <\/h1><\/div>\n\n<div class=\"wp-block-uagb-advanced-heading uagb-block-c1708918\"><h1 class=\"uagb-heading-text\">seleccionamos las mejores vainas<\/h1><\/div><\/div><\/div><\/div><\/div><\/div><div style=\"height:51px\" aria-hidden=\"true\" class=\"wp-block-spacer\"><\/div><div class=\"wp-block-uagb-container uagb-block-54e3304a alignfull uagb-is-root-container\"><div class=\"uagb-container-inner-blocks-wrap\"><div class=\"wp-block-uagb-container uagb-block-46eff1c4\"><div class=\"wp-block-uagb-slider uagb-block-5951b91b uagb-slider-container\"><div class=\"uagb-slides uagb-swiper\"><div class=\"swiper-wrapper\"><div class=\"wp-block-uagb-slider-child uagb-slider-child-wrap swiper-slide uagb-block-5d9936a2\"><div class=\"swiper-content\"><div class=\"wp-block-uagb-container uagb-block-458e7ce5\"><div class=\"wp-block-uagb-info-box uagb-block-587845fe uagb-infobox__content-wrap  uagb-infobox_cta-type-all uagb-infobox-icon-above-title uagb-infobox-image-valign-top\"><a href=\"\" class=\"uagb-infobox-link-wrap uagb-infbox__link-to-all\" target=\"_self\" aria-label=\"Infobox Link\" rel=\"noopener noreferrer\" onclick=\"return false;\"><\/a><div class=\"uagb-ifb-content\"><div class=\"uagb-ifb-image-content\"><img decoding=\"async\" src=\"https:\/\/lematgourmet.com\/wp-content\/uploads\/2023\/06\/3.png\" alt=\"\" loading=\"lazy\"\/><\/div><div class=\"uagb-ifb-title-wrap\"><\/div><div class=\"uagb-ifb-button-wrapper wp-block-button\"><\/div><\/div><\/div><\/div><\/div><\/div>\n\n<div class=\"wp-block-uagb-slider-child uagb-slider-child-wrap swiper-slide uagb-block-4b723eb7\"><div class=\"swiper-content\"><div class=\"wp-block-uagb-container uagb-block-91a4a4ae\"><div class=\"wp-block-uagb-info-box uagb-block-b2e673cb uagb-infobox__content-wrap  uagb-infobox_cta-type-all uagb-infobox-icon-above-title uagb-infobox-image-valign-top\"><a href=\"\" class=\"uagb-infobox-link-wrap uagb-infbox__link-to-all\" target=\"_self\" aria-label=\"Infobox Link\" rel=\"noopener noreferrer\" onclick=\"return false;\"><\/a><div class=\"uagb-ifb-content\"><div class=\"uagb-ifb-image-content\"><img decoding=\"async\" src=\"https:\/\/lematgourmet.com\/wp-content\/uploads\/2023\/06\/2.png\" alt=\"\" loading=\"lazy\"\/><\/div><div class=\"uagb-ifb-title-wrap\"><\/div><div class=\"uagb-ifb-button-wrapper wp-block-button\"><\/div><\/div><\/div><\/div><\/div><\/div>\n\n<div class=\"wp-block-uagb-slider-child uagb-slider-child-wrap swiper-slide uagb-block-1947535c\"><div class=\"swiper-content\"><div class=\"wp-block-uagb-container uagb-block-0154f30e\"><div class=\"wp-block-uagb-info-box uagb-block-f62d4846 uagb-infobox__content-wrap  uagb-infobox_cta-type-all uagb-infobox-icon-above-title uagb-infobox-image-valign-top\"><a href=\"\" class=\"uagb-infobox-link-wrap uagb-infbox__link-to-all\" target=\"_self\" aria-label=\"Infobox Link\" rel=\"noopener noreferrer\" onclick=\"return false;\"><\/a><div class=\"uagb-ifb-content\"><div class=\"uagb-ifb-image-content\"><img decoding=\"async\" src=\"https:\/\/lematgourmet.com\/wp-content\/uploads\/2023\/06\/Sin-titulo-1.png\" alt=\"\" loading=\"lazy\"\/><\/div><div class=\"uagb-ifb-title-wrap\"><\/div><div class=\"uagb-ifb-button-wrapper wp-block-button\"><\/div><\/div><\/div><\/div><\/div><\/div>\n\n<div class=\"wp-block-uagb-slider-child uagb-slider-child-wrap swiper-slide uagb-block-16513b96\"><div class=\"swiper-content\"><div class=\"wp-block-uagb-container uagb-block-ac5ef45d\"><div class=\"wp-block-uagb-info-box uagb-block-792dc960 uagb-infobox__content-wrap  uagb-infobox_cta-type-all uagb-infobox-icon-above-title uagb-infobox-image-valign-top\"><a href=\"\" class=\"uagb-infobox-link-wrap uagb-infbox__link-to-all\" target=\"_self\" aria-label=\"Infobox Link\" rel=\"noopener noreferrer\" onclick=\"return false;\"><\/a><div class=\"uagb-ifb-content\"><div class=\"uagb-ifb-image-content\"><img decoding=\"async\" src=\"https:\/\/lematgourmet.com\/wp-content\/uploads\/2023\/06\/4.png\" alt=\"\" loading=\"lazy\"\/><\/div><div class=\"uagb-ifb-title-wrap\"><\/div><div class=\"uagb-ifb-button-wrapper wp-block-button\"><\/div><\/div><\/div><\/div><\/div><\/div><\/div><\/div><div class=\"swiper-pagination\"><\/div><div class=\"swiper-button-prev\"><\/div><div class=\"swiper-button-next\"><\/div><\/div><\/div>\n\n<div class=\"wp-block-uagb-container uagb-block-f57561d9\"><div class=\"wp-block-uagb-advanced-heading uagb-block-81da82e9\"><h2 class=\"uagb-heading-text\">Cuidemos la vainilla, los bosques y la tierra<\/h2><\/div>\n\n<p>Nosotros <strong>compramos<\/strong> directamente de <strong>agricultores o cooperativas<\/strong> que est\u00e9n comprometidas con cuidar los bosques tropicales que es el h\u00e1bitat natural de la orqu\u00eddea cuyo fruto es la vainilla.<\/p>\n\n<div class=\"wp-block-jetpack-send-a-message\"><div class=\"wp-block-jetpack-whatsapp-button is-color-light\"><a class=\"whatsapp-block__button\" href=\"https:\/\/api.whatsapp.com\/send?phone=525521965178&amp;text=Hola%2C%20me%20gustar%C3%ADa%20m%C3%A1s%20informaci%C3%B3n%20de%20la%20Vainilla%20Gourmet.\" style=\"background-color:#F4F4F4;color:#465B64\" target=\"_blank\" rel=\"noopener noreferrer\">Chat en WhatsApp<\/a><\/div><\/div><\/div><\/div><\/div><div class=\"wp-block-uagb-container uagb-block-9ac6a1ac alignfull uagb-is-root-container\"><div class=\"uagb-container-inner-blocks-wrap\"><div style=\"height:55px\" aria-hidden=\"true\" class=\"wp-block-spacer\"><\/div><\/div><\/div><div class=\"wp-block-uagb-container uagb-block-ccd9d125 alignfull uagb-is-root-container\"><div class=\"uagb-container-inner-blocks-wrap\"><div class=\"wp-block-uagb-container uagb-block-f8608436\"><div class=\"wp-block-uagb-info-box uagb-block-f6ca6ac0 uagb-infobox__content-wrap  uagb-infobox-icon-above-title uagb-infobox-image-valign-top\"><div class=\"uagb-ifb-content\"><div class=\"uagb-ifb-title-wrap\"><\/div><p class=\"uagb-ifb-desc\">Recordemos que la forma efectiva y sustentable para cultivar la vainilla es permitir que la orqu\u00eddea trepe sobre los \u00e1rboles nativos del bosque que aportan la humedad y calor adecuada como se ha hecho desde los ind\u00edgenas totonacas (pueblo originario de M\u00e9xico).<br><br><strong>Las orqu\u00eddeas no crecen en las plantaciones<\/strong>, as\u00ed que ponemos cuidado en comprar la vainilla con agricultores que respeten, aprecien los bosques y la tierra.<\/p><\/div><\/div><\/div>\n\n<div class=\"wp-block-uagb-container uagb-block-d123cb63\"><figure class=\"wp-block-image size-full\"><img loading=\"lazy\" decoding=\"async\" width=\"700\" height=\"1000\" src=\"https:\/\/lematgourmet.com\/wp-content\/uploads\/2023\/06\/vainilla-ramo-1.png\" alt=\"\" class=\"wp-image-4669\" srcset=\"https:\/\/lematgourmet.com\/wp-content\/uploads\/2023\/06\/vainilla-ramo-1.png 700w, https:\/\/lematgourmet.com\/wp-content\/uploads\/2023\/06\/vainilla-ramo-1-210x300.png 210w, https:\/\/lematgourmet.com\/wp-content\/uploads\/2023\/06\/vainilla-ramo-1-300x429.png 300w, https:\/\/lematgourmet.com\/wp-content\/uploads\/2023\/06\/vainilla-ramo-1-600x857.png 600w\" sizes=\"(max-width: 700px) 100vw, 700px\" \/><\/figure><\/div><\/div><\/div><div style=\"height:51px\" aria-hidden=\"true\" class=\"wp-block-spacer\"><\/div>","protected":false},"excerpt":{"rendered":"<p>Le Mat Gourmet seleccionamos las mejores vainas Cuidemos la vainilla, los bosques y la tierra Nosotros compramos directamente de agricultores o cooperativas que est\u00e9n comprometidas con cuidar los bosques tropicales que es el h\u00e1bitat natural de la orqu\u00eddea cuyo fruto es la vainilla.<\/p>\n","protected":false},"author":1,"featured_media":0,"parent":4621,"menu_order":0,"comment_status":"closed","ping_status":"closed","template":"","meta":{"_uag_custom_page_level_css":"","site-sidebar-layout":"no-sidebar","site-content-layout":"page-builder","ast-site-content-layout":"full-width-container","site-content-style":"unboxed","site-sidebar-style":"unboxed","ast-global-header-display":"","ast-banner-title-visibility":"","ast-main-header-display":"","ast-hfb-above-header-display":"","ast-hfb-below-header-display":"","ast-hfb-mobile-header-display":"","site-post-title":"disabled","ast-breadcrumbs-content":"","ast-featured-img":"disabled","footer-sml-layout":"","theme-transparent-header-meta":"","adv-header-id-meta":"","stick-header-meta":"","header-above-stick-meta":"","header-main-stick-meta":"","header-below-stick-meta":"","astra-migrate-meta-layouts":"set","ast-page-background-enabled":"default","ast-page-background-meta":{"desktop":{"background-color":"","background-image":"","background-repeat":"repeat","background-position":"center center","background-size":"auto","background-attachment":"scroll","background-type":"","background-media":"","overlay-type":"","overlay-color":"","overlay-opacity":"","overlay-gradient":""},"tablet":{"background-color":"","background-image":"","background-repeat":"repeat","background-position":"center center","background-size":"auto","background-attachment":"scroll","background-type":"","background-media":"","overlay-type":"","overlay-color":"","overlay-opacity":"","overlay-gradient":""},"mobile":{"background-color":"","background-image":"","background-repeat":"repeat","background-position":"center center","background-size":"auto","background-attachment":"scroll","background-type":"","background-media":"","overlay-type":"","overlay-color":"","overlay-opacity":"","overlay-gradient":""}},"ast-content-background-meta":{"desktop":{"background-color":"var(--ast-global-color-5)","background-image":"","background-repeat":"repeat","background-position":"center center","background-size":"auto","background-attachment":"scroll","background-type":"","background-media":"","overlay-type":"","overlay-color":"","overlay-opacity":"","overlay-gradient":""},"tablet":{"background-color":"var(--ast-global-color-5)","background-image":"","background-repeat":"repeat","background-position":"center center","background-size":"auto","background-attachment":"scroll","background-type":"","background-media":"","overlay-type":"","overlay-color":"","overlay-opacity":"","overlay-gradient":""},"mobile":{"background-color":"var(--ast-global-color-5)","background-image":"","background-repeat":"repeat","background-position":"center center","background-size":"auto","background-attachment":"scroll","background-type":"","background-media":"","overlay-type":"","overlay-color":"","overlay-opacity":"","overlay-gradient":""}},"footnotes":""},"jetpack_sharing_enabled":true,"uagb_featured_image_src":{"full":false,"thumbnail":false,"medium":false,"medium_large":false,"large":false,"1536x1536":false,"2048x2048":false,"woocommerce_thumbnail":false,"woocommerce_single":false,"woocommerce_gallery_thumbnail":false},"uagb_author_info":{"display_name":"Jess","author_link":"https:\/\/lematgourmet.com\/index.php\/author\/jess\/"},"uagb_comment_info":0,"uagb_excerpt":"Le Mat Gourmet seleccionamos las mejores vainas Cuidemos la vainilla, los bosques y la tierra Nosotros compramos directamente de agricultores o cooperativas que est\u00e9n comprometidas con cuidar los bosques tropicales que es el h\u00e1bitat natural de la orqu\u00eddea cuyo fruto es la vainilla.","_links":{"self":[{"href":"https:\/\/lematgourmet.com\/index.php\/wp-json\/wp\/v2\/pages\/286"}],"collection":[{"href":"https:\/\/lematgourmet.com\/index.php\/wp-json\/wp\/v2\/pages"}],"about":[{"href":"https:\/\/lematgourmet.com\/index.php\/wp-json\/wp\/v2\/types\/page"}],"author":[{"embeddable":true,"href":"https:\/\/lematgourmet.com\/index.php\/wp-json\/wp\/v2\/users\/1"}],"replies":[{"embeddable":true,"href":"https:\/\/lematgourmet.com\/index.php\/wp-json\/wp\/v2\/comments?post=286"}],"version-history":[{"count":41,"href":"https:\/\/lematgourmet.com\/index.php\/wp-json\/wp\/v2\/pages\/286\/revisions"}],"predecessor-version":[{"id":4797,"href":"https:\/\/lematgourmet.com\/index.php\/wp-json\/wp\/v2\/pages\/286\/revisions\/4797"}],"up":[{"embeddable":true,"href":"https:\/\/lematgourmet.com\/index.php\/wp-json\/wp\/v2\/pages\/4621"}],"wp:attachment":[{"href":"https:\/\/lematgourmet.com\/index.php\/wp-json\/wp\/v2\/media?parent=286"}],"curies":[{"name":"wp","href":"https:\/\/api.w.org\/{rel}","templated":true}]}}