{"id":233,"date":"2023-04-27T05:15:47","date_gmt":"2023-04-27T05:15:47","guid":{"rendered":"https:\/\/lematgourmet.com\/?page_id=233"},"modified":"2024-07-04T19:01:10","modified_gmt":"2024-07-04T19:01:10","slug":"nuestra-vainilla","status":"publish","type":"page","link":"https:\/\/lematgourmet.com\/index.php\/home\/nuestra-vainilla\/","title":{"rendered":"Vainilla"},"content":{"rendered":"<div class=\"wp-block-group alignwide wc-blocks-pattern-header-essential wc-blocks-header-pattern is-content-justification-space-between is-nowrap is-layout-flex wp-container-core-group-is-layout-4 wp-block-group-is-layout-flex\" style=\"margin-top:0;margin-bottom:0;padding-top:14px;padding-right:24px;padding-bottom:14px;padding-left:24px\"><figure class=\"wp-block-image size-full is-resized\"><a href=\"https:\/\/lematgourmet.com\/\"><img loading=\"lazy\" decoding=\"async\" width=\"400\" height=\"162\" src=\"https:\/\/lematgourmet.com\/wp-content\/uploads\/2023\/04\/cropped-cropped-logo-3-1-1.png\" alt=\"\" class=\"wp-image-4630\" style=\"width:124px;height:auto\" srcset=\"https:\/\/lematgourmet.com\/wp-content\/uploads\/2023\/04\/cropped-cropped-logo-3-1-1.png 400w, https:\/\/lematgourmet.com\/wp-content\/uploads\/2023\/04\/cropped-cropped-logo-3-1-1-300x122.png 300w, https:\/\/lematgourmet.com\/wp-content\/uploads\/2023\/04\/cropped-cropped-logo-3-1-1-161x65.png 161w\" sizes=\"(max-width: 400px) 100vw, 400px\" \/><\/a><\/figure>\n\n<div class=\"wp-block-group is-nowrap is-layout-flex wp-container-core-group-is-layout-1 wp-block-group-is-layout-flex\"><div style=\"height:100px;width:0px\" aria-hidden=\"true\" class=\"wp-block-spacer wp-container-content-1\"><\/div><\/div>\n\n<div class=\"wp-block-group is-nowrap is-layout-flex wp-container-core-group-is-layout-3 wp-block-group-is-layout-flex\"><nav class=\"is-responsive wp-block-navigation is-layout-flex wp-container-core-navigation-is-layout-1 wp-block-navigation-is-layout-flex\" aria-label=\"Principal\" \n\t\t data-wp-interactive=\"core\/navigation\" data-wp-context='{\"overlayOpenedBy\":{\"click\":false,\"hover\":false,\"focus\":false},\"type\":\"overlay\",\"roleAttribute\":\"\",\"ariaLabel\":\"Menu\"}'><button aria-haspopup=\"dialog\" aria-label=\"Open menu\" class=\"wp-block-navigation__responsive-container-open \" \n\t\t\t\tdata-wp-on--click=\"actions.openMenuOnClick\"\n\t\t\t\tdata-wp-on--keydown=\"actions.handleMenuKeydown\"\n\t\t\t><svg width=\"24\" height=\"24\" xmlns=\"http:\/\/www.w3.org\/2000\/svg\" viewBox=\"0 0 24 24\" aria-hidden=\"true\" focusable=\"false\"><rect x=\"4\" y=\"7.5\" width=\"16\" height=\"1.5\" \/><rect x=\"4\" y=\"15\" width=\"16\" height=\"1.5\" \/><\/svg><\/button>\n\t\t\t\t<div class=\"wp-block-navigation__responsive-container  \" style=\"\" id=\"modal-2\" \n\t\t\t\tdata-wp-class--has-modal-open=\"state.isMenuOpen\"\n\t\t\t\tdata-wp-class--is-menu-open=\"state.isMenuOpen\"\n\t\t\t\tdata-wp-watch=\"callbacks.initMenu\"\n\t\t\t\tdata-wp-on--keydown=\"actions.handleMenuKeydown\"\n\t\t\t\tdata-wp-on--focusout=\"actions.handleMenuFocusout\"\n\t\t\t\ttabindex=\"-1\"\n\t\t\t>\n\t\t\t\t\t<div class=\"wp-block-navigation__responsive-close\" tabindex=\"-1\">\n\t\t\t\t\t\t<div class=\"wp-block-navigation__responsive-dialog\" \n\t\t\t\tdata-wp-bind--aria-modal=\"state.ariaModal\"\n\t\t\t\tdata-wp-bind--aria-label=\"state.ariaLabel\"\n\t\t\t\tdata-wp-bind--role=\"state.roleAttribute\"\n\t\t\t>\n\t\t\t\t\t\t\t<button aria-label=\"Close menu\" class=\"wp-block-navigation__responsive-container-close\" \n\t\t\t\tdata-wp-on--click=\"actions.closeMenuOnClick\"\n\t\t\t><svg xmlns=\"http:\/\/www.w3.org\/2000\/svg\" viewBox=\"0 0 24 24\" width=\"24\" height=\"24\" aria-hidden=\"true\" focusable=\"false\"><path d=\"M13 11.8l6.1-6.3-1-1-6.1 6.2-6.1-6.2-1 1 6.1 6.3-6.5 6.7 1 1 6.5-6.6 6.5 6.6 1-1z\"><\/path><\/svg><\/button>\n\t\t\t\t\t\t\t<div class=\"wp-block-navigation__responsive-container-content\" \n\t\t\t\tdata-wp-watch=\"callbacks.focusFirstElement\"\n\t\t\t id=\"modal-2-content\">\n\t\t\t\t\t\t\t\t<ul class=\"wp-block-navigation__container is-responsive wp-block-navigation\"><li class=\" wp-block-navigation-item wp-block-navigation-link\"><a class=\"wp-block-navigation-item__content\"  href=\"https:\/\/lematgourmet.com\/index.php\/nuestra-vainilla\/\"><span class=\"wp-block-navigation-item__label\">Nuestra Vainilla<\/span><\/a><\/li><li class=\" wp-block-navigation-item wp-block-navigation-link\"><a class=\"wp-block-navigation-item__content\"  href=\"https:\/\/lematgourmet.com\/index.php\/nosotros\/\"><span class=\"wp-block-navigation-item__label\">Nosotros<\/span><\/a><\/li><li class=\" wp-block-navigation-item wp-block-navigation-link\"><a class=\"wp-block-navigation-item__content\"  href=\"http:\/\/lematgourmet.com\/index.php\/store\/\"><span class=\"wp-block-navigation-item__label\">Tienda<\/span><\/a><\/li><li class=\" wp-block-navigation-item wp-block-navigation-link\"><a class=\"wp-block-navigation-item__content\"  href=\"https:\/\/lematgourmet.com\/index.php\/contactanos\/\"><span class=\"wp-block-navigation-item__label\">Cont\u00e1ctanos<\/span><\/a><\/li><li style=\"font-style:normal;font-weight:900;\" class=\" wp-block-navigation-item wp-block-navigation-link\"><a class=\"wp-block-navigation-item__content\"  href=\"https:\/\/lematgourmet.com\/index.php\/english\/\"><span class=\"wp-block-navigation-item__label\"> English<\/span><\/a><\/li><\/ul>\n\t\t\t\t\t\t\t<\/div>\n\t\t\t\t\t\t<\/div>\n\t\t\t\t\t<\/div>\n\t\t\t\t<\/div><\/nav>\n\n<div class=\"wp-block-group is-nowrap is-layout-flex wp-container-core-group-is-layout-2 wp-block-group-is-layout-flex\">\n\n<div data-block-name=\"woocommerce\/customer-account\" data-display-style=\"icon_only\" data-icon-class=\"wc-block-customer-account__account-icon\" data-style=\"{&quot;color&quot;:{&quot;text&quot;:&quot;#13a99c&quot;,&quot;background&quot;:&quot;#00000000&quot;},&quot;elements&quot;:{&quot;link&quot;:{&quot;color&quot;:{&quot;text&quot;:&quot;#13a99c&quot;}}}}\" class=\"wp-block-woocommerce-customer-account has-background wp-elements-fb51fea6db66168e54cac7f59c5e634a\" style='background-color: #00000000; color: #13a99c;'>\n\t\t\t<a aria-label=\"Login\" href='https:\/\/lematgourmet.com\/index.php\/account\/'>\n\t\t\t\t<svg class=\"wc-block-customer-account__account-icon\" xmlns=\"http:\/\/www.w3.org\/2000\/svg\" viewBox=\"-0.5 -0.5 17 17\" width=\"16\" height=\"16\">\n\t\t\t<path d=\"M8.00009 8.34785C10.3096 8.34785 12.1819 6.47909 12.1819 4.17393C12.1819 1.86876 10.3096 0 8.00009 0C5.69055\n\t\t\t\t \t0 3.81824 1.86876 3.81824 4.17393C3.81824 6.47909 5.69055 8.34785 8.00009 8.34785ZM0.333496 15.6522C0.333496\n\t\t\t\t  \t15.8444 0.489412 16 0.681933 16H15.3184C15.5109 16 15.6668 15.8444 15.6668 15.6522V14.9565C15.6668 12.1428\n\t\t\t\t   \t13.7821 9.73911 10.0912 9.73911H5.90931C2.21828 9.73911 0.333645 12.1428 0.333645 14.9565L0.333496 15.6522Z\" fill=\"currentColor\" \/>\n\t\t<\/svg>\n\t\t\t<\/a>\n\t\t<\/div><\/div><\/div><\/div><div class=\"wp-block-uagb-container uagb-block-9849ee47 alignfull uagb-is-root-container\"><div class=\"uagb-container-inner-blocks-wrap\"><div class=\"wp-block-uagb-advanced-heading uagb-block-43ce42f1\"><h1 class=\"uagb-heading-text\">Nuestro compromiso es hacerte llegar vainilla llena de aroma y sabor<\/h1><\/div><\/div><\/div><div class=\"wp-block-uagb-container uagb-block-e8b52aa4 alignfull uagb-is-root-container\"><div class=\"uagb-container-inner-blocks-wrap\"><div style=\"height:27px\" aria-hidden=\"true\" class=\"wp-block-spacer\"><\/div><\/div><\/div><div class=\"wp-block-uagb-container uagb-block-ea13561c alignfull uagb-is-root-container\"><div class=\"uagb-container-inner-blocks-wrap\"><div class=\"wp-block-uagb-container uagb-block-19f3afc0\"><div class=\"wp-block-uagb-container uagb-block-29927e9f\"><div class=\"wp-block-columns is-layout-flex wp-container-core-columns-is-layout-1 wp-block-columns-is-layout-flex\"><div class=\"wp-block-column is-layout-flow wp-block-column-is-layout-flow\"><figure class=\"wp-block-image aligncenter size-full\"><img loading=\"lazy\" decoding=\"async\" width=\"408\" height=\"612\" src=\"https:\/\/lematgourmet.com\/wp-content\/uploads\/2023\/04\/istockphoto-179244238-612x612-1-e1686160267260.jpg\" alt=\"\" class=\"wp-image-185\" srcset=\"https:\/\/lematgourmet.com\/wp-content\/uploads\/2023\/04\/istockphoto-179244238-612x612-1-e1686160267260.jpg 408w, https:\/\/lematgourmet.com\/wp-content\/uploads\/2023\/04\/istockphoto-179244238-612x612-1-e1686160267260-300x450.jpg 300w, https:\/\/lematgourmet.com\/wp-content\/uploads\/2023\/04\/istockphoto-179244238-612x612-1-e1686160267260-200x300.jpg 200w\" sizes=\"(max-width: 408px) 100vw, 408px\" \/><\/figure><\/div>\n\n<div class=\"wp-block-column is-layout-flow wp-block-column-is-layout-flow\"><div style=\"height:85px\" aria-hidden=\"true\" class=\"wp-block-spacer\"><\/div>\n\n<div class=\"wp-block-uagb-advanced-heading uagb-block-4e7eff17\"><h2 class=\"uagb-heading-text\">\u00bfQu\u00e9 es la vainilla?<\/h2><\/div>\n\n<div class=\"wp-block-uagb-info-box uagb-block-41c4ebc1 uagb-infobox__content-wrap  uagb-infobox-icon-above-title uagb-infobox-image-valign-top\"><div class=\"uagb-ifb-content\"><div class=\"uagb-ifb-title-wrap\"><\/div><p class=\"uagb-ifb-desc\">La&nbsp;<strong>vainilla<\/strong>&nbsp;es un&nbsp;<strong>aromatizante<\/strong>&nbsp;sofisticado, que aporta una fragancia muy especial a la reposter\u00eda, bebidas o perfumer\u00eda en la que se incluye.<br><strong>La vainilla<\/strong> es una orqu\u00eddea trepadora, que se planta poco antes de la temporada de lluvias entre abril y junio. Crece trep\u00e1ndose sobre troncos y ramas de los \u00e1rboles del bosque tropical.&nbsp;<\/p><\/div><\/div>\n\n<div class=\"wp-block-uagb-buttons uagb-buttons__outer-wrap uagb-btn__default-btn uagb-btn-tablet__default-btn uagb-btn-mobile__default-btn uagb-block-73b932af\"><div class=\"uagb-buttons__wrap uagb-buttons-layout-wrap \"><div data-aos= \"fade\" data-aos-duration=\"400\" data-aos-delay=\"0\" data-aos-easing=\"ease\" data-aos-once=\"true\" class=\"wp-block-uagb-buttons-child uagb-buttons__outer-wrap uagb-block-1eee0c16 wp-block-button\"><div class=\"uagb-button__wrapper\"><a class=\"uagb-buttons-repeater wp-block-button__link\" aria-label=\"\" href=\"https:\/\/lematgourmet.com\/index.php\/store\/\" rel=\"follow noopener\" target=\"_blank\" role=\"button\"><div class=\"uagb-button__link\">Comprar    ahora<\/div><\/a><\/div><\/div><\/div><\/div><\/div><\/div><\/div><\/div><\/div><\/div><div class=\"wp-block-uagb-container uagb-block-14d3d2f9 alignfull uagb-is-root-container\"><div class=\"uagb-container-inner-blocks-wrap\"><div class=\"wp-block-uagb-container uagb-block-a020ffa1\"><div class=\"wp-block-uagb-info-box uagb-block-c643aa3b uagb-infobox__content-wrap  uagb-infobox-icon-above-title uagb-infobox-image-valign-top\"><div class=\"uagb-ifb-content\"><div class=\"uagb-ifb-title-wrap\"><\/div><p class=\"uagb-ifb-desc\">Actualmente <strong>se cultiva<\/strong> en M\u00e9xico, Costa Rica, Indonesia, Madagascar, China, Pap\u00faa Nueva Guinea, Guatemala, India, Sri Lanka, Las Islas Comoras, Uganda y Tonga.<br><br>Su <strong>polinizaci\u00f3n no es f\u00e1cil<\/strong>, el proceso requiere hacerse de forma manual.<\/p><\/div><\/div><\/div>\n\n<div class=\"wp-block-uagb-container uagb-block-683f95ad\"><figure class=\"wp-block-image size-full\"><img loading=\"lazy\" decoding=\"async\" width=\"485\" height=\"835\" src=\"https:\/\/lematgourmet.com\/wp-content\/uploads\/2023\/06\/1000_F_216064521_pY1OIcpvyedbME1YGHU9Z8HXMDBN3vUi-e1686939156424.png\" alt=\"\" class=\"wp-image-479\" srcset=\"https:\/\/lematgourmet.com\/wp-content\/uploads\/2023\/06\/1000_F_216064521_pY1OIcpvyedbME1YGHU9Z8HXMDBN3vUi-e1686939156424.png 485w, https:\/\/lematgourmet.com\/wp-content\/uploads\/2023\/06\/1000_F_216064521_pY1OIcpvyedbME1YGHU9Z8HXMDBN3vUi-e1686939156424-300x516.png 300w, https:\/\/lematgourmet.com\/wp-content\/uploads\/2023\/06\/1000_F_216064521_pY1OIcpvyedbME1YGHU9Z8HXMDBN3vUi-e1686939156424-174x300.png 174w\" sizes=\"(max-width: 485px) 100vw, 485px\" \/><\/figure><\/div>\n\n<div class=\"wp-block-uagb-container uagb-block-672cb718\"><div class=\"wp-block-uagb-info-box uagb-block-0ab6b146 uagb-infobox__content-wrap  uagb-infobox-icon-above-title uagb-infobox-image-valign-top\"><div class=\"uagb-ifb-content\"><div class=\"uagb-ifb-title-wrap\"><\/div><p class=\"uagb-ifb-desc\">Despu\u00e9s de la polinizaci\u00f3n el fruto tarda entre ocho y nueve meses en alcanzar la madurez. <br><br>La vainilla est\u00e1 lista para cosecharse <strong>cuando el color de las puntas de los frutos cambia <\/strong>de verde a amarillo.<\/p><\/div><\/div><\/div><\/div><\/div><div class=\"wp-block-uagb-container uagb-block-eedb9649 alignfull uagb-is-root-container\"><div class=\"uagb-container-inner-blocks-wrap\"><div class=\"wp-block-columns is-layout-flex wp-container-core-columns-is-layout-2 wp-block-columns-is-layout-flex\" style=\"padding-top:0;padding-right:0;padding-bottom:0;padding-left:0\"><div class=\"wp-block-column is-layout-flow wp-block-column-is-layout-flow\" style=\"flex-basis:300px\"><div style=\"height:77px\" aria-hidden=\"true\" class=\"wp-block-spacer\"><\/div><\/div>\n\n<div class=\"wp-block-column is-vertically-aligned-center is-layout-flow wp-container-core-column-is-layout-4 wp-block-column-is-layout-flow\" style=\"padding-top:var(--wp--preset--spacing--50);padding-right:var(--wp--preset--spacing--50);padding-bottom:var(--wp--preset--spacing--50);padding-left:var(--wp--preset--spacing--50)\"><div class=\"wp-block-uagb-advanced-heading uagb-block-97263406\"><h2 class=\"uagb-heading-text\">\u00bfQu\u00e9 determina la calidad de la vainilla?<\/h2><\/div>\n\n<div style=\"height:44px\" aria-hidden=\"true\" class=\"wp-block-spacer\"><\/div>\n\n<p class=\"has-ast-global-color-5-color has-text-color\">M\u00e1s all\u00e1 del pa\u00eds de procedencia de la vainilla es de suma importancia el momento en que la vaina de vainilla es cortada ya que esta debe estar completamente madura para contar con las cualidades arom\u00e1ticas y de sabor de alta calidad, por ello es importante que la punta de la vaina se torne a color amarillo (dos pulgadas), lo cual indica que la vainillina est\u00e1 totalmente formada dentro de la vaina.<br><br>Despu\u00e9s de la cosecha, se somete al proceso de beneficiado o curado, es decir, se pone a secar al sol para que desarrolle su sabor, su aroma y su color caracter\u00edsticos.<\/p><\/div><\/div><\/div><\/div><div class=\"wp-block-uagb-container uagb-block-f71595f9 alignfull uagb-is-root-container\"><div class=\"uagb-container-inner-blocks-wrap\"><div style=\"height:29px\" aria-hidden=\"true\" class=\"wp-block-spacer\"><\/div>\n\n<div class=\"wp-block-uagb-container uagb-block-4182a1f4\"><div class=\"wp-block-columns is-layout-flex wp-container-core-columns-is-layout-3 wp-block-columns-is-layout-flex\"><div class=\"wp-block-column is-layout-flow wp-block-column-is-layout-flow\"><div style=\"height:18px\" aria-hidden=\"true\" class=\"wp-block-spacer\"><\/div>\n\n<div class=\"wp-block-uagb-advanced-heading uagb-block-448197c8\"><h2 class=\"uagb-heading-text\">Nuevo plus<\/h2><\/div>\n\n<div class=\"wp-block-uagb-info-box uagb-block-ebcb046f uagb-infobox__content-wrap  uagb-infobox-icon-above-title uagb-infobox-image-valign-top\"><div class=\"uagb-ifb-content\"><div class=\"uagb-ifb-title-wrap\"><\/div><p class=\"uagb-ifb-desc\">Nuestra vainilla adem\u00e1s cuenta con un proceso de a\u00f1ejamiento adicional de 6 meses, lo que hace que cada vaina termine de drenar 1 gr de agua cada una, quedando solo el peso de su aceite y vainilla por lo que se elimina el riesgo de desarrollar moho.<\/p><\/div><\/div>\n\n<div class=\"wp-block-uagb-buttons uagb-buttons__outer-wrap uagb-btn__default-btn uagb-btn-tablet__default-btn uagb-btn-mobile__default-btn uagb-block-62519777\"><div class=\"uagb-buttons__wrap uagb-buttons-layout-wrap \"><div class=\"wp-block-uagb-buttons-child uagb-buttons__outer-wrap uagb-block-055a1a99 wp-block-button\"><div class=\"uagb-button__wrapper\"><a class=\"uagb-buttons-repeater wp-block-button__link\" aria-label=\"\" href=\"https:\/\/lematghttps:\/\/lematgourmet.com\/index.php\/store\/ourmet.com\/index.php\/categoria-producto\/vainilla-gourmet\/\" rel=\"follow noopener\" target=\"_blank\" role=\"button\"><div class=\"uagb-button__link\">adquirir  ahora<\/div><\/a><\/div><\/div><\/div><\/div>\n\n<div style=\"height:18px\" aria-hidden=\"true\" class=\"wp-block-spacer\"><\/div><\/div>\n\n<div class=\"wp-block-column is-layout-flow wp-block-column-is-layout-flow\"><figure class=\"wp-block-image aligncenter size-large\"><img loading=\"lazy\" decoding=\"async\" width=\"1024\" height=\"680\" src=\"https:\/\/lematgourmet.com\/wp-content\/uploads\/2023\/06\/palitos-vainilla-aislados-1024x680.jpg\" alt=\"\" class=\"wp-image-483\" srcset=\"https:\/\/lematgourmet.com\/wp-content\/uploads\/2023\/06\/palitos-vainilla-aislados-1024x680.jpg 1024w, https:\/\/lematgourmet.com\/wp-content\/uploads\/2023\/06\/palitos-vainilla-aislados-300x199.jpg 300w, https:\/\/lematgourmet.com\/wp-content\/uploads\/2023\/06\/palitos-vainilla-aislados-scaled-600x398.jpg 600w, https:\/\/lematgourmet.com\/wp-content\/uploads\/2023\/06\/palitos-vainilla-aislados-768x510.jpg 768w, https:\/\/lematgourmet.com\/wp-content\/uploads\/2023\/06\/palitos-vainilla-aislados-1536x1020.jpg 1536w, https:\/\/lematgourmet.com\/wp-content\/uploads\/2023\/06\/palitos-vainilla-aislados-2048x1360.jpg 2048w, https:\/\/lematgourmet.com\/wp-content\/uploads\/2023\/06\/palitos-vainilla-aislados-1320x877.jpg 1320w\" sizes=\"(max-width: 1024px) 100vw, 1024px\" \/><\/figure><\/div><\/div><\/div><\/div><\/div><div class=\"wp-block-uagb-container uagb-block-ac611f52 alignfull uagb-is-root-container\"><div class=\"uagb-container-inner-blocks-wrap\"><div class=\"wp-block-uagb-container uagb-block-72440362\"><div class=\"wp-block-uagb-container uagb-block-6b266848\"><div class=\"wp-block-uagb-container uagb-block-c7a34b90\"><div class=\"wp-block-columns is-layout-flex wp-container-core-columns-is-layout-4 wp-block-columns-is-layout-flex\"><div class=\"wp-block-column is-layout-flow wp-block-column-is-layout-flow\"><\/div>\n\n<div class=\"wp-block-column is-layout-flow wp-block-column-is-layout-flow\"><\/div><\/div><\/div><\/div><\/div><\/div><\/div>","protected":false},"excerpt":{"rendered":"<p>Nuestro compromiso es hacerte llegar vainilla llena de aroma y sabor \u00bfQu\u00e9 es la vainilla? \u00bfQu\u00e9 determina la calidad de la vainilla? M\u00e1s all\u00e1 del pa\u00eds de procedencia de la vainilla es de suma importancia el momento en que la vaina de vainilla es cortada ya que esta debe estar completamente madura para contar con [&hellip;]<\/p>\n","protected":false},"author":1,"featured_media":0,"parent":4621,"menu_order":0,"comment_status":"closed","ping_status":"closed","template":"","meta":{"_uag_custom_page_level_css":"","site-sidebar-layout":"no-sidebar","site-content-layout":"page-builder","ast-site-content-layout":"full-width-container","site-content-style":"unboxed","site-sidebar-style":"unboxed","ast-global-header-display":"","ast-banner-title-visibility":"","ast-main-header-display":"","ast-hfb-above-header-display":"","ast-hfb-below-header-display":"","ast-hfb-mobile-header-display":"","site-post-title":"disabled","ast-breadcrumbs-content":"","ast-featured-img":"disabled","footer-sml-layout":"","theme-transparent-header-meta":"","adv-header-id-meta":"","stick-header-meta":"","header-above-stick-meta":"","header-main-stick-meta":"","header-below-stick-meta":"","astra-migrate-meta-layouts":"set","ast-page-background-enabled":"default","ast-page-background-meta":{"desktop":{"background-color":"","background-image":"","background-repeat":"repeat","background-position":"center center","background-size":"auto","background-attachment":"scroll","background-type":"","background-media":"","overlay-type":"","overlay-color":"","overlay-opacity":"","overlay-gradient":""},"tablet":{"background-color":"","background-image":"","background-repeat":"repeat","background-position":"center center","background-size":"auto","background-attachment":"scroll","background-type":"","background-media":"","overlay-type":"","overlay-color":"","overlay-opacity":"","overlay-gradient":""},"mobile":{"background-color":"","background-image":"","background-repeat":"repeat","background-position":"center center","background-size":"auto","background-attachment":"scroll","background-type":"","background-media":"","overlay-type":"","overlay-color":"","overlay-opacity":"","overlay-gradient":""}},"ast-content-background-meta":{"desktop":{"background-color":"var(--ast-global-color-5)","background-image":"","background-repeat":"repeat","background-position":"center center","background-size":"auto","background-attachment":"scroll","background-type":"","background-media":"","overlay-type":"","overlay-color":"","overlay-opacity":"","overlay-gradient":""},"tablet":{"background-color":"var(--ast-global-color-5)","background-image":"","background-repeat":"repeat","background-position":"center center","background-size":"auto","background-attachment":"scroll","background-type":"","background-media":"","overlay-type":"","overlay-color":"","overlay-opacity":"","overlay-gradient":""},"mobile":{"background-color":"var(--ast-global-color-5)","background-image":"","background-repeat":"repeat","background-position":"center center","background-size":"auto","background-attachment":"scroll","background-type":"","background-media":"","overlay-type":"","overlay-color":"","overlay-opacity":"","overlay-gradient":""}},"footnotes":""},"jetpack_sharing_enabled":true,"uagb_featured_image_src":{"full":false,"thumbnail":false,"medium":false,"medium_large":false,"large":false,"1536x1536":false,"2048x2048":false,"woocommerce_thumbnail":false,"woocommerce_single":false,"woocommerce_gallery_thumbnail":false},"uagb_author_info":{"display_name":"Jess","author_link":"https:\/\/lematgourmet.com\/index.php\/author\/jess\/"},"uagb_comment_info":0,"uagb_excerpt":"Nuestro compromiso es hacerte llegar vainilla llena de aroma y sabor \u00bfQu\u00e9 es la vainilla? \u00bfQu\u00e9 determina la calidad de la vainilla? M\u00e1s all\u00e1 del pa\u00eds de procedencia de la vainilla es de suma importancia el momento en que la vaina de vainilla es cortada ya que esta debe estar completamente madura para contar con&hellip;","_links":{"self":[{"href":"https:\/\/lematgourmet.com\/index.php\/wp-json\/wp\/v2\/pages\/233"}],"collection":[{"href":"https:\/\/lematgourmet.com\/index.php\/wp-json\/wp\/v2\/pages"}],"about":[{"href":"https:\/\/lematgourmet.com\/index.php\/wp-json\/wp\/v2\/types\/page"}],"author":[{"embeddable":true,"href":"https:\/\/lematgourmet.com\/index.php\/wp-json\/wp\/v2\/users\/1"}],"replies":[{"embeddable":true,"href":"https:\/\/lematgourmet.com\/index.php\/wp-json\/wp\/v2\/comments?post=233"}],"version-history":[{"count":81,"href":"https:\/\/lematgourmet.com\/index.php\/wp-json\/wp\/v2\/pages\/233\/revisions"}],"predecessor-version":[{"id":4795,"href":"https:\/\/lematgourmet.com\/index.php\/wp-json\/wp\/v2\/pages\/233\/revisions\/4795"}],"up":[{"embeddable":true,"href":"https:\/\/lematgourmet.com\/index.php\/wp-json\/wp\/v2\/pages\/4621"}],"wp:attachment":[{"href":"https:\/\/lematgourmet.com\/index.php\/wp-json\/wp\/v2\/media?parent=233"}],"curies":[{"name":"wp","href":"https:\/\/api.w.org\/{rel}","templated":true}]}}